{"id":217,"date":"2022-11-27T06:21:14","date_gmt":"2022-11-27T06:21:14","guid":{"rendered":"https:\/\/prueba.classurances.com\/?page_id=217"},"modified":"2022-11-27T06:21:18","modified_gmt":"2022-11-27T06:21:18","slug":"a-propos-de-nous","status":"publish","type":"page","link":"https:\/\/classurances.com\/fr\/a-propos-de-nous","title":{"rendered":"\u00c0 PROPOS DE NOUS"},"content":{"rendered":"<p>[et_pb_section fb_built=\u00a0\u00bb1&Prime; admin_label=\u00a0\u00bbServices\u00a0\u00bb _builder_version=\u00a0\u00bb4.16&Prime; background_color=\u00a0\u00bb#e02b20&Prime; use_background_color_gradient=\u00a0\u00bbon\u00a0\u00bb background_color_gradient_stops=\u00a0\u00bb#ffffff 0%|#f4f4f4 100%\u00a0\u00bb background_color_gradient_start=\u00a0\u00bb#ffffff\u00a0\u00bb background_color_gradient_end=\u00a0\u00bb#f4f4f4&Prime; custom_margin=\u00a0\u00bb||15px|||\u00a0\u00bb custom_padding=\u00a0\u00bb0|0px|0|0px|true|false\u00a0\u00bb bottom_divider_color=\u00a0\u00bb#e02b20&Prime; bottom_divider_flip=\u00a0\u00bbhorizontal\u00a0\u00bb bottom_divider_arrangement=\u00a0\u00bbabove_content\u00a0\u00bb global_colors_info=\u00a0\u00bb{}\u00a0\u00bb theme_builder_area=\u00a0\u00bbpost_content\u00a0\u00bb][et_pb_row column_structure=\u00a0\u00bb1_2,1_2&Prime; _builder_version=\u00a0\u00bb4.16&Prime; custom_margin=\u00a0\u00bb|auto|-13px|auto||\u00a0\u00bb custom_padding=\u00a0\u00bb||18px|||\u00a0\u00bb global_colors_info=\u00a0\u00bb{}\u00a0\u00bb theme_builder_area=\u00a0\u00bbpost_content\u00a0\u00bb][et_pb_column type=\u00a0\u00bb1_2&Prime; _builder_version=\u00a0\u00bb4.16&Prime; global_colors_info=\u00a0\u00bb{}\u00a0\u00bb theme_builder_area=\u00a0\u00bbpost_content\u00a0\u00bb][et_pb_image src=\u00a0\u00bbhttps:\/\/prueba.classurances.com\/wp-content\/uploads\/2022\/11\/famins-1.jpg\u00a0\u00bb align=\u00a0\u00bbcenter\u00a0\u00bb _builder_version=\u00a0\u00bb4.16&Prime; animation_style=\u00a0\u00bbzoom\u00a0\u00bb animation_delay=\u00a0\u00bb800ms\u00a0\u00bb global_colors_info=\u00a0\u00bb{}\u00a0\u00bb theme_builder_area=\u00a0\u00bbpost_content\u00a0\u00bb][\/et_pb_image][\/et_pb_column][et_pb_column type=\u00a0\u00bb1_2&Prime; _builder_version=\u00a0\u00bb4.16&Prime; global_colors_info=\u00a0\u00bb{}\u00a0\u00bb theme_builder_area=\u00a0\u00bbpost_content\u00a0\u00bb][et_pb_text _builder_version=\u00a0\u00bb4.16&Prime; text_font=\u00a0\u00bbOswald|300|||||||\u00a0\u00bb text_text_color=\u00a0\u00bb#686868&Prime; text_font_size=\u00a0\u00bb19px\u00a0\u00bb text_line_height=\u00a0\u00bb1.6em\u00a0\u00bb header_2_font=\u00a0\u00bbShadows Into Light Two||||||||\u00a0\u00bb header_2_font_size=\u00a0\u00bb33px\u00a0\u00bb header_2_line_height=\u00a0\u00bb1.2em\u00a0\u00bb animation_style=\u00a0\u00bbfold\u00a0\u00bb animation_delay=\u00a0\u00bb600ms\u00a0\u00bb global_colors_info=\u00a0\u00bb{}\u00a0\u00bb theme_builder_area=\u00a0\u00bbpost_content\u00a0\u00bb]<\/p>\n<h2><span style=\"color: #ff6600;\"><strong>\u00a0! Nous! !<\/strong><\/span><\/h2>\n<p><span><span style=\"color: #000080;\"><strong><\/strong><\/span><\/span><\/p>\n<p style=\"text-align: justify;\">Nous sommes un courtier d&rsquo;assurance sp\u00e9cialis\u00e9 dans le public francophone de la Costa del Sol, offrant des produits exclusifs et sp\u00e9cifiques pour ce groupe, \u00e0 la fois pour les particuliers et les groupes et les entreprises.<br \/>Nous sommes appuy\u00e9s par plus de 25 ans d\u00e9di\u00e9s au secteur, avec une \u00e9quipe professionnelle pr\u00e9par\u00e9e et engag\u00e9e qui travaille de mani\u00e8re ind\u00e9pendante en s&rsquo;adaptant aux besoins de nos clients, afin qu&rsquo;ils atteignent leurs objectifs dans les meilleures conditions de prix et de couverture.<\/p>\n<p>[\/et_pb_text][\/et_pb_column][\/et_pb_row][\/et_pb_section][et_pb_section fb_built=\u00a0\u00bb1&Prime; admin_label=\u00a0\u00bbHow It Works\u00a0\u00bb _builder_version=\u00a0\u00bb4.16&Prime; background_color=\u00a0\u00bbrgba(12,113,195,0.21)\u00a0\u00bb use_background_color_gradient=\u00a0\u00bbon\u00a0\u00bb background_color_gradient_stops=\u00a0\u00bbrgba(0,0,0,0.74) 0%|rgba(0,0,0,0) 100%\u00a0\u00bb background_color_gradient_start=\u00a0\u00bbrgba(0,0,0,0.74)\u00a0\u00bb background_color_gradient_end=\u00a0\u00bbrgba(0,0,0,0)\u00a0\u00bb background_image=\u00a0\u00bbhttps:\/\/prueba.classurances.com\/wp-content\/uploads\/2022\/11\/slider-3.jpg\u00a0\u00bb background_blend=\u00a0\u00bbdarken\u00a0\u00bb custom_margin=\u00a0\u00bb-1px|||||\u00a0\u00bb custom_padding=\u00a0\u00bb3px||0px|||\u00a0\u00bb global_colors_info=\u00a0\u00bb{}\u00a0\u00bb theme_builder_area=\u00a0\u00bbpost_content\u00a0\u00bb][et_pb_row column_structure=\u00a0\u00bb3_5,2_5&Prime; _builder_version=\u00a0\u00bb4.16&Prime; custom_margin=\u00a0\u00bb24px|auto||auto||\u00a0\u00bb custom_padding=\u00a0\u00bb0px||58px|||\u00a0\u00bb locked=\u00a0\u00bboff\u00a0\u00bb global_colors_info=\u00a0\u00bb{}\u00a0\u00bb theme_builder_area=\u00a0\u00bbpost_content\u00a0\u00bb][et_pb_column type=\u00a0\u00bb3_5&Prime; _builder_version=\u00a0\u00bb4.16&Prime; custom_padding=\u00a0\u00bb|||\u00a0\u00bb global_colors_info=\u00a0\u00bb{}\u00a0\u00bb custom_padding__hover=\u00a0\u00bb|||\u00a0\u00bb theme_builder_area=\u00a0\u00bbpost_content\u00a0\u00bb][et_pb_text admin_label=\u00a0\u00bbText\u00a0\u00bb _builder_version=\u00a0\u00bb4.16&Prime; text_font=\u00a0\u00bbOswald|300|||||||\u00a0\u00bb text_text_color=\u00a0\u00bb#686868&Prime; text_font_size=\u00a0\u00bb19px\u00a0\u00bb text_line_height=\u00a0\u00bb1.6em\u00a0\u00bb header_2_font=\u00a0\u00bbShadows Into Light Two||||||||\u00a0\u00bb header_2_font_size=\u00a0\u00bb33px\u00a0\u00bb header_2_line_height=\u00a0\u00bb1.2em\u00a0\u00bb custom_margin=\u00a0\u00bb||7px|||\u00a0\u00bb animation_style=\u00a0\u00bbfold\u00a0\u00bb animation_delay=\u00a0\u00bb600ms\u00a0\u00bb global_colors_info=\u00a0\u00bb{}\u00a0\u00bb theme_builder_area=\u00a0\u00bbpost_content\u00a0\u00bb]<\/p>\n<h2><span style=\"color: #ff6600;\">Avoir notre courtage d&rsquo;assurance vous donnera les avantages suivants:\u00a0<\/span><\/h2>\n<p style=\"text-align: left;\">[\/et_pb_text][et_pb_text _builder_version=\u00a0\u00bb4.16&Prime; text_font=\u00a0\u00bbOswald||||||||\u00a0\u00bb text_text_color=\u00a0\u00bb#ffffff\u00a0\u00bb text_font_size=\u00a0\u00bb16px\u00a0\u00bb text_line_height=\u00a0\u00bb1.6em\u00a0\u00bb header_2_font=\u00a0\u00bbShadows Into Light Two||||||||\u00a0\u00bb header_2_font_size=\u00a0\u00bb33px\u00a0\u00bb header_2_line_height=\u00a0\u00bb1.2em\u00a0\u00bb custom_margin=\u00a0\u00bb||6px|||\u00a0\u00bb custom_padding=\u00a0\u00bb||0px|||\u00a0\u00bb animation_style=\u00a0\u00bbfold\u00a0\u00bb animation_delay=\u00a0\u00bb600ms\u00a0\u00bb global_colors_info=\u00a0\u00bb{}\u00a0\u00bb theme_builder_area=\u00a0\u00bbpost_content\u00a0\u00bb]<\/p>\n<p>Nous avons l&rsquo;autorisation J-2242 de la Direction G\u00e9n\u00e9rale des Assurances pour op\u00e9rer sur tout le territoire national et nous avons souscrit une police d&rsquo;assurance Responsabilit\u00e9 Civile bas\u00e9e sur la loi sur les contrats d&rsquo;assurance.<\/p>\n<ul>\n<li>Notre mission est d&rsquo;agir comme m\u00e9diateurs entre les clients et les assureurs, en conseillant les premiers, sans liens exclusifs avec aucune compagnie d&rsquo;assurance, en apportant une forte valeur ajout\u00e9e qui repr\u00e9sente le plus haut degr\u00e9 de professionnalisme et de sp\u00e9cialisation.<\/li>\n<\/ul>\n<p>&nbsp;<\/p>\n<ul>\n<li>Nous collaborons avec un nombre important d&rsquo;assureurs et d&rsquo;agences de souscription, g\u00e9n\u00e9ralistes et sp\u00e9cialistes, s\u00e9lectionn\u00e9s selon des crit\u00e8res de solvabilit\u00e9, de marque, de comp\u00e9titivit\u00e9, d&rsquo;attention aux r\u00e9clamations, de fonctionnement, d&rsquo;engagement envers le canal du courtier, de stabilit\u00e9 des abonnements et de taux.<\/li>\n<\/ul>\n<p>[\/et_pb_text][et_pb_text _builder_version=\u00a0\u00bb4.16&Prime; text_font=\u00a0\u00bbOswald|500|||||||\u00a0\u00bb text_text_color=\u00a0\u00bb#ffffff\u00a0\u00bb text_font_size=\u00a0\u00bb17px\u00a0\u00bb text_line_height=\u00a0\u00bb1.6em\u00a0\u00bb header_2_font=\u00a0\u00bbShadows Into Light Two||||||||\u00a0\u00bb header_2_font_size=\u00a0\u00bb33px\u00a0\u00bb header_2_line_height=\u00a0\u00bb1.2em\u00a0\u00bb custom_margin=\u00a0\u00bb||6px|||\u00a0\u00bb animation_style=\u00a0\u00bbfold\u00a0\u00bb animation_delay=\u00a0\u00bb600ms\u00a0\u00bb global_colors_info=\u00a0\u00bb{}\u00a0\u00bb theme_builder_area=\u00a0\u00bbpost_content\u00a0\u00bb]<\/p>\n<h2><span style=\"color: #ff6600;\"><strong>! Des garanties! !<\/strong><\/span><\/h2>\n<p style=\"text-align: justify;\">Nous appartenons au groupe hIB, un groupe de courtage qui a pour objectif d&rsquo;apporter des solutions aux besoins communs de ses membres dans le domaine de l&rsquo;assurance.<\/p>\n<p>[\/et_pb_text][et_pb_image src=\u00a0\u00bbhttps:\/\/prueba.classurances.com\/wp-content\/uploads\/2022\/11\/grupo-hIB-09.png\u00a0\u00bb _builder_version=\u00a0\u00bb4.16&Prime; min_height=\u00a0\u00bb79px\u00a0\u00bb custom_margin=\u00a0\u00bb43px|||||\u00a0\u00bb global_colors_info=\u00a0\u00bb{}\u00a0\u00bb theme_builder_area=\u00a0\u00bbpost_content\u00a0\u00bb][\/et_pb_image][\/et_pb_column][et_pb_column type=\u00a0\u00bb2_5&Prime; _builder_version=\u00a0\u00bb4.16&Prime; custom_padding=\u00a0\u00bb|||\u00a0\u00bb global_colors_info=\u00a0\u00bb{}\u00a0\u00bb custom_padding__hover=\u00a0\u00bb|||\u00a0\u00bb theme_builder_area=\u00a0\u00bbpost_content\u00a0\u00bb][\/et_pb_column][\/et_pb_row][\/et_pb_section]<\/p>\n","protected":false},"excerpt":{"rendered":"<p>\u00a0! Nous! ! Nous sommes un courtier d&rsquo;assurance sp\u00e9cialis\u00e9 dans le public francophone de la Costa del Sol, offrant des produits exclusifs et sp\u00e9cifiques pour ce groupe, \u00e0 la fois pour les particuliers et les groupes et les entreprises.Nous sommes appuy\u00e9s par plus de 25 ans d\u00e9di\u00e9s au secteur, avec une \u00e9quipe professionnelle pr\u00e9par\u00e9e et [&hellip;]<\/p>\n","protected":false},"author":1,"featured_media":0,"parent":0,"menu_order":0,"comment_status":"closed","ping_status":"closed","template":"","meta":{"_et_pb_use_builder":"on","_et_pb_old_content":"[et_pb_section fb_built=\"1\" admin_label=\"Services\" _builder_version=\"4.16\" background_color=\"#e02b20\" use_background_color_gradient=\"on\" background_color_gradient_stops=\"#ffffff 0%|#f4f4f4 100%\" background_color_gradient_start=\"#ffffff\" background_color_gradient_end=\"#f4f4f4\" custom_margin=\"||15px|||\" custom_padding=\"0|0px|0|0px|true|false\" bottom_divider_color=\"#e02b20\" bottom_divider_flip=\"horizontal\" bottom_divider_arrangement=\"above_content\" global_colors_info=\"{}\"][et_pb_row column_structure=\"1_2,1_2\" _builder_version=\"4.16\" custom_margin=\"|auto|-13px|auto||\" custom_padding=\"||18px|||\" global_colors_info=\"{}\"][et_pb_column type=\"1_2\" _builder_version=\"4.16\" global_colors_info=\"{}\"][et_pb_image src=\"https:\/\/prueba.classurances.com\/wp-content\/uploads\/2022\/11\/famins-1.jpg\" align=\"center\" _builder_version=\"4.16\" animation_style=\"zoom\" animation_delay=\"800ms\" global_colors_info=\"{}\"][\/et_pb_image][\/et_pb_column][et_pb_column type=\"1_2\" _builder_version=\"4.16\" global_colors_info=\"{}\"][et_pb_text _builder_version=\"4.16\" text_font=\"Oswald|300|||||||\" text_text_color=\"#686868\" text_font_size=\"19px\" text_line_height=\"1.6em\" header_2_font=\"Shadows Into Light Two||||||||\" header_2_font_size=\"33px\" header_2_line_height=\"1.2em\" animation_style=\"fold\" animation_delay=\"600ms\" global_colors_info=\"{}\"]<h2><span style=\"color: #ff6600;\"><strong>! Nosotros !<\/strong><\/span><\/h2>\r\n<p><span><span style=\"color: #000080;\"><strong><\/strong><\/span><\/span><\/p>\r\n<p style=\"text-align: justify;\">Somos una Correduria de Seguros especializada en el p\u00fablico franc\u00f3fono de la Costa del Sol, ofreciendo productos exclusivos y espec\u00edficos para este Colectivo, tanto para particulares y colectivos como empresas.<br \/> Nos respaldan m\u00e1s de 25 a\u00f1os dedicados al sector, con un equipo profesionalpreparado y comprometido que trabaja de forma independiente adapt\u00e1ndose a las necesidades de nuestros clientes, para que alcancen sus objetivos en las mejorescondiciones de precio y coberturas.<\/p>[\/et_pb_text][\/et_pb_column][\/et_pb_row][\/et_pb_section][et_pb_section fb_built=\"1\" admin_label=\"How It Works\" _builder_version=\"4.16\" background_color=\"rgba(12,113,195,0.21)\" use_background_color_gradient=\"on\" background_color_gradient_stops=\"rgba(0,0,0,0.74) 0%|rgba(0,0,0,0) 100%\" background_color_gradient_start=\"rgba(0,0,0,0.74)\" background_color_gradient_end=\"rgba(0,0,0,0)\" background_image=\"https:\/\/prueba.classurances.com\/wp-content\/uploads\/2022\/11\/slider-3.jpg\" background_blend=\"darken\" custom_margin=\"-1px|||||\" custom_padding=\"3px||0px|||\" global_colors_info=\"{}\"][et_pb_row column_structure=\"3_5,2_5\" _builder_version=\"4.16\" custom_margin=\"24px|auto||auto||\" custom_padding=\"0px||58px|||\" locked=\"off\" global_colors_info=\"{}\"][et_pb_column type=\"3_5\" _builder_version=\"4.16\" custom_padding=\"|||\" global_colors_info=\"{}\" custom_padding__hover=\"|||\"][et_pb_text admin_label=\"Text\" _builder_version=\"4.16\" text_font=\"Oswald|300|||||||\" text_text_color=\"#686868\" text_font_size=\"19px\" text_line_height=\"1.6em\" header_2_font=\"Shadows Into Light Two||||||||\" header_2_font_size=\"33px\" header_2_line_height=\"1.2em\" custom_margin=\"||7px|||\" animation_style=\"fold\" animation_delay=\"600ms\" global_colors_info=\"{}\"]<h2><span style=\"color: #ff6600;\">Contar con nuestra\u00a0 corredur\u00eda de seguros le aportar\u00e1 las siguientes ventajas:\u00a0<\/span><\/h2>\r\n<p style=\"text-align: left;\"><\/p>[\/et_pb_text][et_pb_text _builder_version=\"4.16\" text_font=\"Oswald||||||||\" text_text_color=\"#ffffff\" text_font_size=\"16px\" text_line_height=\"1.6em\" header_2_font=\"Shadows Into Light Two||||||||\" header_2_font_size=\"33px\" header_2_line_height=\"1.2em\" custom_margin=\"||6px|||\" custom_padding=\"||0px|||\" animation_style=\"fold\" animation_delay=\"600ms\" global_colors_info=\"{}\"]<p style=\"text-align: justify;\">Contamos con la autorizaci\u00f3n J-2242 de la Direcci\u00f3n General de Seguros para operariones en todo el territorio nacional y tenemos contratada p\u00f3liza de seguros de Responsabilidad Civil en base a la Ley de Contrato de Seguros.<\/p>\r\n<ul>\r\n<li style=\"text-align: justify;\">Nuestra misi\u00f3n es actuar como mediadores entre clientes y aseguradoras prestando a los primeros un asesoramiento, sin vinculaci\u00f3n exclusiva con ninguna Compa\u00f1\u00eda de Seguros, aportando un alto valor a\u00f1adido que represente el m\u00e1ximo grado de profesionalidad y especializaci\u00f3n.<\/li>\r\n<\/ul>\r\n<p>\u00a0<\/p>\r\n<ul>\r\n<li style=\"text-align: justify;\">Colaboramos con un n\u00famero importante de Aseguradoras y Agencias de Suscripci\u00f3n, tanto generalistas como especialistas, seleccionadas por criterios de solvencia, marca, competitividad, atenci\u00f3n en siniestros, operatividad, apuesta por el canal de corredores, estabilidad de suscripci\u00f3n y tarifa.<\/li>\r\n<\/ul>[\/et_pb_text][et_pb_text _builder_version=\"4.16\" text_font=\"Oswald|500|||||||\" text_text_color=\"#ffffff\" text_font_size=\"17px\" text_line_height=\"1.6em\" header_2_font=\"Shadows Into Light Two||||||||\" header_2_font_size=\"33px\" header_2_line_height=\"1.2em\" custom_margin=\"||6px|||\" animation_style=\"fold\" animation_delay=\"600ms\" global_colors_info=\"{}\"]<h2><span style=\"color: #ff6600;\"><strong>! Garant\u00edas !<\/strong><\/span><\/h2>\r\n<p style=\"text-align: justify;\">Pertenecemos al grupo hIB, Agrupaci\u00f3n de corredur\u00edas que tiene el objetivo de darsoluciones a las necesidades comunes de sus integrantes en materia de seguros.<\/p>[\/et_pb_text][et_pb_image src=\"https:\/\/prueba.classurances.com\/wp-content\/uploads\/2022\/11\/grupo-hIB-09.png\" _builder_version=\"4.16\" min_height=\"79px\" custom_margin=\"43px|||||\" global_colors_info=\"{}\"][\/et_pb_image][\/et_pb_column][et_pb_column type=\"2_5\" _builder_version=\"4.16\" custom_padding=\"|||\" global_colors_info=\"{}\" custom_padding__hover=\"|||\"][\/et_pb_column][\/et_pb_row][\/et_pb_section]","_et_gb_content_width":"","footnotes":""},"class_list":["post-217","page","type-page","status-publish","hentry"],"yoast_head":"<!-- This site is optimized with the Yoast SEO plugin v25.5 - https:\/\/yoast.com\/wordpress\/plugins\/seo\/ -->\n<title>\u00c0 PROPOS DE NOUS - CL ASSURANCES<\/title>\n<meta name=\"robots\" content=\"index, follow, max-snippet:-1, max-image-preview:large, max-video-preview:-1\" \/>\n<link rel=\"canonical\" href=\"https:\/\/classurances.com\/fr\/a-propos-de-nous\" \/>\n<meta property=\"og:locale\" content=\"fr_FR\" \/>\n<meta property=\"og:type\" content=\"article\" \/>\n<meta property=\"og:title\" content=\"\u00c0 PROPOS DE NOUS - CL ASSURANCES\" \/>\n<meta property=\"og:description\" content=\"\u00a0! Nous! ! Nous sommes un courtier d&#039;assurance sp\u00e9cialis\u00e9 dans le public francophone de la Costa del Sol, offrant des produits exclusifs et sp\u00e9cifiques pour ce groupe, \u00e0 la fois pour les particuliers et les groupes et les entreprises.Nous sommes appuy\u00e9s par plus de 25 ans d\u00e9di\u00e9s au secteur, avec une \u00e9quipe professionnelle pr\u00e9par\u00e9e et [&hellip;]\" \/>\n<meta property=\"og:url\" content=\"https:\/\/classurances.com\/fr\/a-propos-de-nous\" \/>\n<meta property=\"og:site_name\" content=\"CL ASSURANCES\" \/>\n<meta property=\"article:modified_time\" content=\"2022-11-27T06:21:18+00:00\" \/>\n<meta name=\"twitter:card\" content=\"summary_large_image\" \/>\n<meta name=\"twitter:label1\" content=\"Dur\u00e9e de lecture estim\u00e9e\" \/>\n\t<meta name=\"twitter:data1\" content=\"2 minutes\" \/>\n<script type=\"application\/ld+json\" class=\"yoast-schema-graph\">{\"@context\":\"https:\/\/schema.org\",\"@graph\":[{\"@type\":\"WebPage\",\"@id\":\"https:\/\/classurances.com\/fr\/a-propos-de-nous\",\"url\":\"https:\/\/classurances.com\/fr\/a-propos-de-nous\",\"name\":\"\u00c0 PROPOS DE NOUS - CL ASSURANCES\",\"isPartOf\":{\"@id\":\"https:\/\/classurances.com\/fr#website\"},\"datePublished\":\"2022-11-27T06:21:14+00:00\",\"dateModified\":\"2022-11-27T06:21:18+00:00\",\"breadcrumb\":{\"@id\":\"https:\/\/classurances.com\/fr\/a-propos-de-nous#breadcrumb\"},\"inLanguage\":\"fr-FR\",\"potentialAction\":[{\"@type\":\"ReadAction\",\"target\":[\"https:\/\/classurances.com\/fr\/a-propos-de-nous\"]}]},{\"@type\":\"BreadcrumbList\",\"@id\":\"https:\/\/classurances.com\/fr\/a-propos-de-nous#breadcrumb\",\"itemListElement\":[{\"@type\":\"ListItem\",\"position\":1,\"name\":\"Portada\",\"item\":\"https:\/\/classurances.com\/fr\"},{\"@type\":\"ListItem\",\"position\":2,\"name\":\"\u00c0 PROPOS DE NOUS\"}]},{\"@type\":\"WebSite\",\"@id\":\"https:\/\/classurances.com\/fr#website\",\"url\":\"https:\/\/classurances.com\/fr\",\"name\":\"CL ASSURANCES\",\"description\":\"Correduria de Seguros especializada en el p\u00fablico franc\u00f3fono de la Costa del Sol\",\"potentialAction\":[{\"@type\":\"SearchAction\",\"target\":{\"@type\":\"EntryPoint\",\"urlTemplate\":\"https:\/\/classurances.com\/fr?s={search_term_string}\"},\"query-input\":{\"@type\":\"PropertyValueSpecification\",\"valueRequired\":true,\"valueName\":\"search_term_string\"}}],\"inLanguage\":\"fr-FR\"}]}<\/script>\n<!-- \/ Yoast SEO plugin. -->","yoast_head_json":{"title":"\u00c0 PROPOS DE NOUS - CL ASSURANCES","robots":{"index":"index","follow":"follow","max-snippet":"max-snippet:-1","max-image-preview":"max-image-preview:large","max-video-preview":"max-video-preview:-1"},"canonical":"https:\/\/classurances.com\/fr\/a-propos-de-nous","og_locale":"fr_FR","og_type":"article","og_title":"\u00c0 PROPOS DE NOUS - CL ASSURANCES","og_description":"\u00a0! Nous! ! Nous sommes un courtier d'assurance sp\u00e9cialis\u00e9 dans le public francophone de la Costa del Sol, offrant des produits exclusifs et sp\u00e9cifiques pour ce groupe, \u00e0 la fois pour les particuliers et les groupes et les entreprises.Nous sommes appuy\u00e9s par plus de 25 ans d\u00e9di\u00e9s au secteur, avec une \u00e9quipe professionnelle pr\u00e9par\u00e9e et [&hellip;]","og_url":"https:\/\/classurances.com\/fr\/a-propos-de-nous","og_site_name":"CL ASSURANCES","article_modified_time":"2022-11-27T06:21:18+00:00","twitter_card":"summary_large_image","twitter_misc":{"Dur\u00e9e de lecture estim\u00e9e":"2 minutes"},"schema":{"@context":"https:\/\/schema.org","@graph":[{"@type":"WebPage","@id":"https:\/\/classurances.com\/fr\/a-propos-de-nous","url":"https:\/\/classurances.com\/fr\/a-propos-de-nous","name":"\u00c0 PROPOS DE NOUS - CL ASSURANCES","isPartOf":{"@id":"https:\/\/classurances.com\/fr#website"},"datePublished":"2022-11-27T06:21:14+00:00","dateModified":"2022-11-27T06:21:18+00:00","breadcrumb":{"@id":"https:\/\/classurances.com\/fr\/a-propos-de-nous#breadcrumb"},"inLanguage":"fr-FR","potentialAction":[{"@type":"ReadAction","target":["https:\/\/classurances.com\/fr\/a-propos-de-nous"]}]},{"@type":"BreadcrumbList","@id":"https:\/\/classurances.com\/fr\/a-propos-de-nous#breadcrumb","itemListElement":[{"@type":"ListItem","position":1,"name":"Portada","item":"https:\/\/classurances.com\/fr"},{"@type":"ListItem","position":2,"name":"\u00c0 PROPOS DE NOUS"}]},{"@type":"WebSite","@id":"https:\/\/classurances.com\/fr#website","url":"https:\/\/classurances.com\/fr","name":"CL ASSURANCES","description":"Correduria de Seguros especializada en el p\u00fablico franc\u00f3fono de la Costa del Sol","potentialAction":[{"@type":"SearchAction","target":{"@type":"EntryPoint","urlTemplate":"https:\/\/classurances.com\/fr?s={search_term_string}"},"query-input":{"@type":"PropertyValueSpecification","valueRequired":true,"valueName":"search_term_string"}}],"inLanguage":"fr-FR"}]}},"jetpack_sharing_enabled":true,"_links":{"self":[{"href":"https:\/\/classurances.com\/fr\/wp-json\/wp\/v2\/pages\/217","targetHints":{"allow":["GET"]}}],"collection":[{"href":"https:\/\/classurances.com\/fr\/wp-json\/wp\/v2\/pages"}],"about":[{"href":"https:\/\/classurances.com\/fr\/wp-json\/wp\/v2\/types\/page"}],"author":[{"embeddable":true,"href":"https:\/\/classurances.com\/fr\/wp-json\/wp\/v2\/users\/1"}],"replies":[{"embeddable":true,"href":"https:\/\/classurances.com\/fr\/wp-json\/wp\/v2\/comments?post=217"}],"version-history":[{"count":4,"href":"https:\/\/classurances.com\/fr\/wp-json\/wp\/v2\/pages\/217\/revisions"}],"predecessor-version":[{"id":221,"href":"https:\/\/classurances.com\/fr\/wp-json\/wp\/v2\/pages\/217\/revisions\/221"}],"wp:attachment":[{"href":"https:\/\/classurances.com\/fr\/wp-json\/wp\/v2\/media?parent=217"}],"curies":[{"name":"wp","href":"https:\/\/api.w.org\/{rel}","templated":true}]}}