{"id":236,"date":"2022-11-27T06:31:24","date_gmt":"2022-11-27T06:31:24","guid":{"rendered":"https:\/\/prueba.classurances.com\/?page_id=236"},"modified":"2022-11-27T06:31:29","modified_gmt":"2022-11-27T06:31:29","slug":"assurance-auto","status":"publish","type":"page","link":"https:\/\/classurances.com\/fr\/assurance-auto","title":{"rendered":"Assurance auto"},"content":{"rendered":"<p>[et_pb_section fb_built=\u00a0\u00bb1&Prime; _builder_version=\u00a0\u00bb4.16&Prime; background_color=\u00a0\u00bbrgba(0,0,0,0.39)\u00a0\u00bb background_image=\u00a0\u00bbhttps:\/\/prueba.classurances.com\/wp-content\/uploads\/2022\/11\/21_NOVIEMBRE_5_RAZONES_PARA_ASEGURAR_TU_CARRO.jpg\u00a0\u00bb background_blend=\u00a0\u00bbdarken\u00a0\u00bb custom_margin=\u00a0\u00bb||36px|||\u00a0\u00bb custom_padding=\u00a0\u00bb8px||121px|||\u00a0\u00bb global_colors_info=\u00a0\u00bb{}\u00a0\u00bb theme_builder_area=\u00a0\u00bbpost_content\u00a0\u00bb][et_pb_row column_structure=\u00a0\u00bb1_2,1_2&Prime; _builder_version=\u00a0\u00bb4.16&Prime; global_colors_info=\u00a0\u00bb{}\u00a0\u00bb theme_builder_area=\u00a0\u00bbpost_content\u00a0\u00bb][et_pb_column type=\u00a0\u00bb1_2&Prime; _builder_version=\u00a0\u00bb4.16&Prime; global_colors_info=\u00a0\u00bb{}\u00a0\u00bb theme_builder_area=\u00a0\u00bbpost_content\u00a0\u00bb][et_pb_text _builder_version=\u00a0\u00bb4.16&Prime; text_font=\u00a0\u00bbLato||||||||\u00a0\u00bb text_font_size=\u00a0\u00bb18px\u00a0\u00bb text_line_height=\u00a0\u00bb1.8em\u00a0\u00bb header_font=\u00a0\u00bbOswald|700|||||||\u00a0\u00bb header_text_color=\u00a0\u00bb#ffffff\u00a0\u00bb header_font_size=\u00a0\u00bb56px\u00a0\u00bb header_line_height=\u00a0\u00bb1.3em\u00a0\u00bb header_2_font=\u00a0\u00bb||||||||\u00a0\u00bb max_width=\u00a0\u00bb600px\u00a0\u00bb module_alignment=\u00a0\u00bbleft\u00a0\u00bb custom_margin=\u00a0\u00bb-7px||-7px||true|false\u00a0\u00bb custom_margin_last_edited=\u00a0\u00bboff|desktop\u00a0\u00bb custom_padding=\u00a0\u00bb36px|||||\u00a0\u00bb custom_padding_tablet=\u00a0\u00bb|0vw||0vw||true\u00a0\u00bb custom_padding_phone=\u00a0\u00bb|||||false\u00a0\u00bb custom_padding_last_edited=\u00a0\u00bboff|desktop\u00a0\u00bb animation_style=\u00a0\u00bbzoom\u00a0\u00bb animation_direction=\u00a0\u00bbbottom\u00a0\u00bb animation_duration=\u00a0\u00bb900ms\u00a0\u00bb header_font_size_tablet=\u00a0\u00bb36px\u00a0\u00bb header_font_size_phone=\u00a0\u00bb\u00a0\u00bb header_font_size_last_edited=\u00a0\u00bbon|phone\u00a0\u00bb header_text_shadow_style=\u00a0\u00bbpreset4&Prime; header_text_shadow_color=\u00a0\u00bb#000000&Prime; locked=\u00a0\u00bboff\u00a0\u00bb global_colors_info=\u00a0\u00bb{}\u00a0\u00bb theme_builder_area=\u00a0\u00bbpost_content\u00a0\u00bb]<\/p>\n<h1><span>Assurance auto<\/span><\/h1>\n<h1><\/h1>\n<p>&nbsp;<\/p>\n<p>[\/et_pb_text][\/et_pb_column][et_pb_column type=\u00a0\u00bb1_2&Prime; _builder_version=\u00a0\u00bb4.16&Prime; global_colors_info=\u00a0\u00bb{}\u00a0\u00bb theme_builder_area=\u00a0\u00bbpost_content\u00a0\u00bb][\/et_pb_column][\/et_pb_row][\/et_pb_section][et_pb_section fb_built=\u00a0\u00bb1&Prime; admin_label=\u00a0\u00bbHow It Works\u00a0\u00bb _builder_version=\u00a0\u00bb4.16&Prime; custom_margin=\u00a0\u00bb-1px|||||\u00a0\u00bb custom_padding=\u00a0\u00bb3px||0px|||\u00a0\u00bb global_colors_info=\u00a0\u00bb{}\u00a0\u00bb theme_builder_area=\u00a0\u00bbpost_content\u00a0\u00bb][et_pb_row column_structure=\u00a0\u00bb1_2,1_2&Prime; use_custom_gutter=\u00a0\u00bbon\u00a0\u00bb gutter_width=\u00a0\u00bb2&Prime; _builder_version=\u00a0\u00bb4.16&Prime; width=\u00a0\u00bb88%\u00a0\u00bb locked=\u00a0\u00bboff\u00a0\u00bb global_colors_info=\u00a0\u00bb{}\u00a0\u00bb theme_builder_area=\u00a0\u00bbpost_content\u00a0\u00bb][et_pb_column type=\u00a0\u00bb1_2&Prime; _builder_version=\u00a0\u00bb4.16&Prime; custom_padding=\u00a0\u00bb|||\u00a0\u00bb global_colors_info=\u00a0\u00bb{}\u00a0\u00bb custom_padding__hover=\u00a0\u00bb|||\u00a0\u00bb theme_builder_area=\u00a0\u00bbpost_content\u00a0\u00bb][et_pb_text admin_label=\u00a0\u00bbText\u00a0\u00bb _builder_version=\u00a0\u00bb4.16&Prime; text_font=\u00a0\u00bbLato||||||||\u00a0\u00bb text_font_size=\u00a0\u00bb18px\u00a0\u00bb text_line_height=\u00a0\u00bb1.8em\u00a0\u00bb link_font=\u00a0\u00bb||||||||\u00a0\u00bb ul_font=\u00a0\u00bb||||||||\u00a0\u00bb ol_font=\u00a0\u00bb||||||||\u00a0\u00bb quote_font=\u00a0\u00bb||||||||\u00a0\u00bb header_font=\u00a0\u00bb||||||||\u00a0\u00bb header_2_font=\u00a0\u00bbOswald|700|||||||\u00a0\u00bb header_2_font_size=\u00a0\u00bb40px\u00a0\u00bb header_2_letter_spacing=\u00a0\u00bb1px\u00a0\u00bb header_2_line_height=\u00a0\u00bb1.5em\u00a0\u00bb header_3_font=\u00a0\u00bb||||||||\u00a0\u00bb header_4_font=\u00a0\u00bb||||||||\u00a0\u00bb header_5_font=\u00a0\u00bb||||||||\u00a0\u00bb header_6_font=\u00a0\u00bbLato|700|||||||\u00a0\u00bb header_6_font_size=\u00a0\u00bb18px\u00a0\u00bb header_6_letter_spacing=\u00a0\u00bb1px\u00a0\u00bb header_6_line_height=\u00a0\u00bb1.8em\u00a0\u00bb text_orientation=\u00a0\u00bbright\u00a0\u00bb animation_style=\u00a0\u00bbfold\u00a0\u00bb header_2_font_size_tablet=\u00a0\u00bb\u00a0\u00bb header_2_font_size_phone=\u00a0\u00bb22px\u00a0\u00bb header_2_font_size_last_edited=\u00a0\u00bbon|phone\u00a0\u00bb global_colors_info=\u00a0\u00bb{}\u00a0\u00bb theme_builder_area=\u00a0\u00bbpost_content\u00a0\u00bb]<\/p>\n<h2>Pourquoi embaucher une <span style=\"color: #ff6600;\">ASSURANCE AUTOMOBILE<\/span><\/h2>\n<p>Avoir notre courtage d&rsquo;assurance vous donnera les avantages suivants:<\/p>\n<p>[\/et_pb_text][et_pb_text _builder_version=\u00a0\u00bb4.16&Prime; global_colors_info=\u00a0\u00bb{}\u00a0\u00bb theme_builder_area=\u00a0\u00bbpost_content\u00a0\u00bb]<\/p>\n<h2 class=\"tw-data-text tw-text-large tw-ta\" data-placeholder=\"Traducci\u00f3n\" id=\"tw-target-text\" dir=\"ltr\" style=\"text-align: right;\"><strong><span lang=\"fr\">Nous assurons des voitures jusqu&rsquo;\u00e0 20 ans<\/span><\/strong><\/h2>\n<p>[\/et_pb_text][\/et_pb_column][et_pb_column type=\u00a0\u00bb1_2&Prime; _builder_version=\u00a0\u00bb4.16&Prime; custom_padding=\u00a0\u00bb|||\u00a0\u00bb global_colors_info=\u00a0\u00bb{}\u00a0\u00bb custom_padding__hover=\u00a0\u00bb|||\u00a0\u00bb theme_builder_area=\u00a0\u00bbpost_content\u00a0\u00bb][et_pb_toggle title=\u00a0\u00bbComment puis-je enregistrer une voiture en Espagne\u00a0\u00bb open_toggle_text_color=\u00a0\u00bb#ffffff\u00a0\u00bb open_toggle_background_color=\u00a0\u00bb#1D2A38&Prime; closed_toggle_background_color=\u00a0\u00bbrgba(242,103,40,0.92)\u00a0\u00bb icon_color=\u00a0\u00bb#345168&Prime; open_icon_color=\u00a0\u00bb#345168&Prime; _builder_version=\u00a0\u00bb4.16&Prime; title_text_color=\u00a0\u00bb#ffffff\u00a0\u00bb title_font=\u00a0\u00bbLato|900|||||||\u00a0\u00bb title_line_height=\u00a0\u00bb1.5em\u00a0\u00bb body_font=\u00a0\u00bb||||||||\u00a0\u00bb body_text_color=\u00a0\u00bb#ffffff\u00a0\u00bb custom_margin=\u00a0\u00bb||0px|\u00a0\u00bb animation_style=\u00a0\u00bbslide\u00a0\u00bb animation_direction=\u00a0\u00bbtop\u00a0\u00bb animation_intensity_slide=\u00a0\u00bb10%\u00a0\u00bb border_width_all=\u00a0\u00bb0px\u00a0\u00bb global_colors_info=\u00a0\u00bb{}\u00a0\u00bb theme_builder_area=\u00a0\u00bbpost_content\u00a0\u00bb]<\/p>\n<p>Le changement d&rsquo;enregistrement est obligatoire en Espagne. Vous ne pouvez assurer un v\u00e9hicule avec des plaques \u00e9trang\u00e8res que si la plaque est chang\u00e9e par l&rsquo;interm\u00e9diaire d&rsquo;une agence professionnelle et certifi\u00e9e, cette assurance aura une dur\u00e9e maximale de 3 mois. Pour immatriculer votre v\u00e9hicule en Espagne, il est recommand\u00e9 de le faire via un gestionnaire, mais vous pouvez \u00e9galement le faire vous-m\u00eame via la DGT (Direction g\u00e9n\u00e9rale de la circulation). Le processus est relativement long et complexe. Le co\u00fbt du changement d&rsquo;immatriculation d\u00e9pend de la puissance et du mod\u00e8le de votre v\u00e9hicule. Vous aurez besoin de diff\u00e9rents documents: certificat de conformit\u00e9, fiche technique espagnole, passeport, permis de circulation et payez les frais correspondants.<\/p>\n<p>[\/et_pb_toggle][et_pb_toggle title=\u00a0\u00bbQue dois-je faire en cas d&rsquo;accident?\u00a0\u00bb open_toggle_text_color=\u00a0\u00bb#ffffff\u00a0\u00bb open_toggle_background_color=\u00a0\u00bb#1D2A38&Prime; closed_toggle_background_color=\u00a0\u00bbrgba(242,103,40,0.88)\u00a0\u00bb icon_color=\u00a0\u00bb#345168&Prime; open_icon_color=\u00a0\u00bb#345168&Prime; _builder_version=\u00a0\u00bb4.16&Prime; title_text_color=\u00a0\u00bb#ffffff\u00a0\u00bb title_font=\u00a0\u00bbLato|900|||||||\u00a0\u00bb title_line_height=\u00a0\u00bb1.5em\u00a0\u00bb body_font=\u00a0\u00bb||||||||\u00a0\u00bb body_text_color=\u00a0\u00bb#ffffff\u00a0\u00bb custom_margin=\u00a0\u00bb||0px|\u00a0\u00bb animation_style=\u00a0\u00bbslide\u00a0\u00bb animation_direction=\u00a0\u00bbtop\u00a0\u00bb animation_intensity_slide=\u00a0\u00bb10%\u00a0\u00bb border_width_all=\u00a0\u00bb0px\u00a0\u00bb global_colors_info=\u00a0\u00bb{}\u00a0\u00bb theme_builder_area=\u00a0\u00bbpost_content\u00a0\u00bb]<\/p>\n<p>Appelez-nous le plus rapidement possible ou contactez directement votre compagnie d&rsquo;assurance. A partir de ce moment, nous nous occupons de tout. Notre priorit\u00e9 sera d&rsquo;envoyer une grue pour vous emmener \u00e0 l&rsquo;atelier ou \u00e0 votre destination. nous traiterons ensuite la r\u00e9clamation et demanderons la documentation n\u00e9cessaire. En cas d&rsquo;accident avec un autre v\u00e9hicule, pensez \u00e0 remplir en d\u00e9tail le formulaire de partie amicale (joint \u00e0 votre contrat) et n&rsquo;oubliez pas de renseigner tous les d\u00e9tails de la partie adverse.<\/p>\n<p>[\/et_pb_toggle][et_pb_toggle title=\u00a0\u00bbAi-je besoin d&rsquo;un autocollant sur le pare-brise?\u00a0\u00bb open_toggle_text_color=\u00a0\u00bb#ffffff\u00a0\u00bb open_toggle_background_color=\u00a0\u00bb#1D2A38&Prime; closed_toggle_background_color=\u00a0\u00bbrgba(242,103,40,0.81)\u00a0\u00bb icon_color=\u00a0\u00bb#345168&Prime; open_icon_color=\u00a0\u00bb#345168&Prime; _builder_version=\u00a0\u00bb4.16&Prime; title_text_color=\u00a0\u00bb#ffffff\u00a0\u00bb title_font=\u00a0\u00bbLato|900|||||||\u00a0\u00bb title_line_height=\u00a0\u00bb1.5em\u00a0\u00bb body_font=\u00a0\u00bb||||||||\u00a0\u00bb body_text_color=\u00a0\u00bb#ffffff\u00a0\u00bb custom_margin=\u00a0\u00bb||0px|\u00a0\u00bb animation_style=\u00a0\u00bbslide\u00a0\u00bb animation_direction=\u00a0\u00bbtop\u00a0\u00bb animation_intensity_slide=\u00a0\u00bb10%\u00a0\u00bb border_width_all=\u00a0\u00bb0px\u00a0\u00bb global_colors_info=\u00a0\u00bb{}\u00a0\u00bb theme_builder_area=\u00a0\u00bbpost_content\u00a0\u00bb]<\/p>\n<p>Il n&rsquo;est pas n\u00e9cessaire de porter un autocollant de compagnie d&rsquo;assurance sur le pare-brise. Il doit circuler avec votre police d&rsquo;assurance et une copie du re\u00e7u pay\u00e9. La compagnie d&rsquo;assurance vous remettra une carte verte pour vos voyages hors d&rsquo;Espagne<\/p>\n<p>[\/et_pb_toggle][\/et_pb_column][\/et_pb_row][et_pb_row _builder_version=\u00a0\u00bb4.16&Prime; global_colors_info=\u00a0\u00bb{}\u00a0\u00bb theme_builder_area=\u00a0\u00bbpost_content\u00a0\u00bb][et_pb_column type=\u00a0\u00bb4_4&Prime; _builder_version=\u00a0\u00bb4.16&Prime; global_colors_info=\u00a0\u00bb{}\u00a0\u00bb theme_builder_area=\u00a0\u00bbpost_content\u00a0\u00bb][et_pb_text _builder_version=\u00a0\u00bb4.16&Prime; header_2_font=\u00a0\u00bb|600|||||||\u00a0\u00bb header_2_font_size=\u00a0\u00bb23px\u00a0\u00bb global_colors_info=\u00a0\u00bb{}\u00a0\u00bb theme_builder_area=\u00a0\u00bbpost_content\u00a0\u00bb]<\/p>\n<h2 style=\"text-align: center;\"><span style=\"color: #ff6600;\">En assurance automobile, nous ne consultons PAS SINCO, c&rsquo;est-\u00e0-dire que nous appliquons directement le bonus maximum (55%) si vous \u00eates \u00e9tranger (toujours avec un NIE).<\/span><\/h2>\n<p>[\/et_pb_text][\/et_pb_column][\/et_pb_row][\/et_pb_section][et_pb_section fb_built=\u00a0\u00bb1&Prime; admin_label=\u00a0\u00bbHow It Works\u00a0\u00bb _builder_version=\u00a0\u00bb4.16&Prime; custom_margin=\u00a0\u00bb-1px|||||\u00a0\u00bb custom_padding=\u00a0\u00bb3px||0px|||\u00a0\u00bb global_colors_info=\u00a0\u00bb{}\u00a0\u00bb theme_builder_area=\u00a0\u00bbpost_content\u00a0\u00bb][et_pb_row column_structure=\u00a0\u00bb1_2,1_2&Prime; use_custom_gutter=\u00a0\u00bbon\u00a0\u00bb gutter_width=\u00a0\u00bb2&Prime; _builder_version=\u00a0\u00bb4.16&Prime; width=\u00a0\u00bb88%\u00a0\u00bb custom_margin=\u00a0\u00bb33px|auto||auto||\u00a0\u00bb locked=\u00a0\u00bboff\u00a0\u00bb global_colors_info=\u00a0\u00bb{}\u00a0\u00bb theme_builder_area=\u00a0\u00bbpost_content\u00a0\u00bb][et_pb_column type=\u00a0\u00bb1_2&Prime; _builder_version=\u00a0\u00bb4.16&Prime; custom_padding=\u00a0\u00bb|||\u00a0\u00bb global_colors_info=\u00a0\u00bb{}\u00a0\u00bb custom_padding__hover=\u00a0\u00bb|||\u00a0\u00bb theme_builder_area=\u00a0\u00bbpost_content\u00a0\u00bb][et_pb_toggle title=\u00a0\u00bbComment la prime d&rsquo;assurance est calcul\u00e9e\u00a0\u00bb open_toggle_text_color=\u00a0\u00bb#ffffff\u00a0\u00bb open_toggle_background_color=\u00a0\u00bb#1D2A38&Prime; closed_toggle_background_color=\u00a0\u00bb#f26728&Prime; icon_color=\u00a0\u00bb#345168&Prime; open_icon_color=\u00a0\u00bb#345168&Prime; _builder_version=\u00a0\u00bb4.16&Prime; title_text_color=\u00a0\u00bb#ffffff\u00a0\u00bb title_font=\u00a0\u00bbLato|900|||||||\u00a0\u00bb title_line_height=\u00a0\u00bb1.5em\u00a0\u00bb body_font=\u00a0\u00bb||||||||\u00a0\u00bb body_text_color=\u00a0\u00bb#ffffff\u00a0\u00bb custom_margin=\u00a0\u00bb||0px|\u00a0\u00bb animation_style=\u00a0\u00bbslide\u00a0\u00bb animation_direction=\u00a0\u00bbtop\u00a0\u00bb animation_intensity_slide=\u00a0\u00bb10%\u00a0\u00bb border_width_all=\u00a0\u00bb0px\u00a0\u00bb global_colors_info=\u00a0\u00bb{}\u00a0\u00bb theme_builder_area=\u00a0\u00bbpost_content\u00a0\u00bb]<\/p>\n<p>le prix de votre assurance est calcul\u00e9 en fonction:<\/p>\n<ul>\n<li>l&rsquo;\u00e2ge de l&rsquo;assur\u00e9<\/li>\n<li>\u00e2ge de la carte<\/li>\n<li>puissance<\/li>\n<li>mod\u00e8le<\/li>\n<li>utilisation du v\u00e9hicule<\/li>\n<li>lieu de r\u00e9sidence<\/li>\n<li>garanties contractuelles<\/li>\n<li>historique des r\u00e9clamations &#8230;<\/li>\n<\/ul>\n<p>[\/et_pb_toggle][et_pb_toggle title=\u00a0\u00bbComment \u00e7a marche\u00a0\u00bb open_toggle_text_color=\u00a0\u00bb#ffffff\u00a0\u00bb open_toggle_background_color=\u00a0\u00bb#1D2A38&Prime; closed_toggle_background_color=\u00a0\u00bbrgba(242,103,40,0.92)\u00a0\u00bb icon_color=\u00a0\u00bb#345168&Prime; open_icon_color=\u00a0\u00bb#345168&Prime; _builder_version=\u00a0\u00bb4.16&Prime; title_text_color=\u00a0\u00bb#ffffff\u00a0\u00bb title_font=\u00a0\u00bbLato|900|||||||\u00a0\u00bb title_line_height=\u00a0\u00bb1.5em\u00a0\u00bb body_font=\u00a0\u00bb||||||||\u00a0\u00bb body_text_color=\u00a0\u00bb#ffffff\u00a0\u00bb custom_margin=\u00a0\u00bb||0px|\u00a0\u00bb animation_style=\u00a0\u00bbslide\u00a0\u00bb animation_direction=\u00a0\u00bbtop\u00a0\u00bb animation_intensity_slide=\u00a0\u00bb10%\u00a0\u00bb border_width_all=\u00a0\u00bb0px\u00a0\u00bb global_colors_info=\u00a0\u00bb{}\u00a0\u00bb theme_builder_area=\u00a0\u00bbpost_content\u00a0\u00bb]<\/p>\n<p>En Espagne, il est obligatoire d&rsquo;avoir au moins une assurance responsabilit\u00e9 civile. Un v\u00e9hicule immatricul\u00e9 en France peut \u00eatre assur\u00e9 pour une dur\u00e9e maximale de trois mois, obligeant \u00e0 modifier l&rsquo;immatriculation.<\/p>\n<p>Il est obligatoire de certifier votre permis de conduire si vous r\u00e9sidez en Espagne dans les 6 mois suivant son installation.<\/p>\n<p>[\/et_pb_toggle][\/et_pb_column][et_pb_column type=\u00a0\u00bb1_2&Prime; _builder_version=\u00a0\u00bb4.16&Prime; custom_padding=\u00a0\u00bb|||\u00a0\u00bb global_colors_info=\u00a0\u00bb{}\u00a0\u00bb custom_padding__hover=\u00a0\u00bb|||\u00a0\u00bb theme_builder_area=\u00a0\u00bbpost_content\u00a0\u00bb][et_pb_text admin_label=\u00a0\u00bbText\u00a0\u00bb _builder_version=\u00a0\u00bb4.16&Prime; text_font=\u00a0\u00bbLato||||||||\u00a0\u00bb text_font_size=\u00a0\u00bb18px\u00a0\u00bb text_line_height=\u00a0\u00bb1.8em\u00a0\u00bb link_font=\u00a0\u00bb||||||||\u00a0\u00bb ul_font=\u00a0\u00bb||||||||\u00a0\u00bb ol_font=\u00a0\u00bb||||||||\u00a0\u00bb quote_font=\u00a0\u00bb||||||||\u00a0\u00bb header_font=\u00a0\u00bb||||||||\u00a0\u00bb header_2_font=\u00a0\u00bbOswald|700|||||||\u00a0\u00bb header_2_font_size=\u00a0\u00bb40px\u00a0\u00bb header_2_letter_spacing=\u00a0\u00bb1px\u00a0\u00bb header_2_line_height=\u00a0\u00bb1.5em\u00a0\u00bb header_3_font=\u00a0\u00bb||||||||\u00a0\u00bb header_4_font=\u00a0\u00bb||||||||\u00a0\u00bb header_5_font=\u00a0\u00bb||||||||\u00a0\u00bb header_6_font=\u00a0\u00bbLato|700|||||||\u00a0\u00bb header_6_font_size=\u00a0\u00bb18px\u00a0\u00bb header_6_letter_spacing=\u00a0\u00bb1px\u00a0\u00bb header_6_line_height=\u00a0\u00bb1.8em\u00a0\u00bb text_orientation=\u00a0\u00bbright\u00a0\u00bb animation_style=\u00a0\u00bbfold\u00a0\u00bb header_2_font_size_tablet=\u00a0\u00bb\u00a0\u00bb header_2_font_size_phone=\u00a0\u00bb22px\u00a0\u00bb header_2_font_size_last_edited=\u00a0\u00bbon|phone\u00a0\u00bb global_colors_info=\u00a0\u00bb{}\u00a0\u00bb theme_builder_area=\u00a0\u00bbpost_content\u00a0\u00bb]<\/p>\n<h2><span>+<span style=\"color: #ff6600;\">INFO.<\/span><\/span><\/h2>\n<p>Vol, accident ou simple panne, votre v\u00e9hicule doit \u00eatre assur\u00e9. L&rsquo;assurance automobile vise \u00e0 couvrir la responsabilit\u00e9 civile du conducteur ainsi que les pertes mat\u00e9rielles produites en cas d&rsquo;accident.<\/p>\n<p>[\/et_pb_text][\/et_pb_column][\/et_pb_row][\/et_pb_section][et_pb_section fb_built=\u00a0\u00bb1&Prime; _builder_version=\u00a0\u00bb4.16&Prime; global_colors_info=\u00a0\u00bb{}\u00a0\u00bb theme_builder_area=\u00a0\u00bbpost_content\u00a0\u00bb][et_pb_row column_structure=\u00a0\u00bb1_2,1_2&Prime; _builder_version=\u00a0\u00bb4.16&Prime; global_colors_info=\u00a0\u00bb{}\u00a0\u00bb theme_builder_area=\u00a0\u00bbpost_content\u00a0\u00bb][et_pb_column type=\u00a0\u00bb1_2&Prime; _builder_version=\u00a0\u00bb4.16&Prime; global_colors_info=\u00a0\u00bb{}\u00a0\u00bb theme_builder_area=\u00a0\u00bbpost_content\u00a0\u00bb][et_pb_button button_url=\u00a0\u00bbhttps:\/\/classurances.com\/wp-content\/uploads\/2020\/06\/COCHEFRANCESpdf.pdf\u00a0\u00bb button_text=\u00a0\u00bb T\u00c9L\u00c9CHARGER LA BROCHURE\u00a0\u00bb _builder_version=\u00a0\u00bb4.16&Prime; global_colors_info=\u00a0\u00bb{}\u00a0\u00bb theme_builder_area=\u00a0\u00bbpost_content\u00a0\u00bb][\/et_pb_button][\/et_pb_column][et_pb_column type=\u00a0\u00bb1_2&Prime; _builder_version=\u00a0\u00bb4.16&Prime; global_colors_info=\u00a0\u00bb{}\u00a0\u00bb theme_builder_area=\u00a0\u00bbpost_content\u00a0\u00bb][et_pb_button button_url=\u00a0\u00bbhttps:\/\/classurances.com\/wp-content\/uploads\/2020\/06\/PLUSULTRA.pdf\u00a0\u00bb button_text=\u00a0\u00bb T\u00c9L\u00c9CHARGER LA BROCHURE\u00a0\u00bb _builder_version=\u00a0\u00bb4.16&Prime; global_colors_info=\u00a0\u00bb{}\u00a0\u00bb theme_builder_area=\u00a0\u00bbpost_content\u00a0\u00bb][\/et_pb_button][\/et_pb_column][\/et_pb_row][\/et_pb_section]<\/p>\n","protected":false},"excerpt":{"rendered":"<p>Assurance auto &nbsp;Pourquoi embaucher une ASSURANCE AUTOMOBILE Avoir notre courtage d&rsquo;assurance vous donnera les avantages suivants:Nous assurons des voitures jusqu&rsquo;\u00e0 20 ansLe changement d&rsquo;enregistrement est obligatoire en Espagne. Vous ne pouvez assurer un v\u00e9hicule avec des plaques \u00e9trang\u00e8res que si la plaque est chang\u00e9e par l&rsquo;interm\u00e9diaire d&rsquo;une agence professionnelle et certifi\u00e9e, cette assurance aura une [&hellip;]<\/p>\n","protected":false},"author":1,"featured_media":0,"parent":0,"menu_order":0,"comment_status":"closed","ping_status":"closed","template":"","meta":{"_et_pb_use_builder":"on","_et_pb_old_content":"","_et_gb_content_width":"","footnotes":""},"class_list":["post-236","page","type-page","status-publish","hentry"],"yoast_head":"<!-- This site is optimized with the Yoast SEO plugin v25.5 - https:\/\/yoast.com\/wordpress\/plugins\/seo\/ -->\n<title>Assurance auto - CL ASSURANCES<\/title>\n<meta name=\"robots\" content=\"index, follow, max-snippet:-1, max-image-preview:large, max-video-preview:-1\" \/>\n<link rel=\"canonical\" href=\"https:\/\/classurances.com\/fr\/assurance-auto\" \/>\n<meta property=\"og:locale\" content=\"fr_FR\" \/>\n<meta property=\"og:type\" content=\"article\" \/>\n<meta property=\"og:title\" content=\"Assurance auto - CL ASSURANCES\" \/>\n<meta property=\"og:description\" content=\"Assurance auto &nbsp;Pourquoi embaucher une ASSURANCE AUTOMOBILE Avoir notre courtage d&#039;assurance vous donnera les avantages suivants:Nous assurons des voitures jusqu&#039;\u00e0 20 ansLe changement d&#039;enregistrement est obligatoire en Espagne. Vous ne pouvez assurer un v\u00e9hicule avec des plaques \u00e9trang\u00e8res que si la plaque est chang\u00e9e par l&#039;interm\u00e9diaire d&#039;une agence professionnelle et certifi\u00e9e, cette assurance aura une [&hellip;]\" \/>\n<meta property=\"og:url\" content=\"https:\/\/classurances.com\/fr\/assurance-auto\" \/>\n<meta property=\"og:site_name\" content=\"CL ASSURANCES\" \/>\n<meta property=\"article:modified_time\" content=\"2022-11-27T06:31:29+00:00\" \/>\n<meta name=\"twitter:card\" content=\"summary_large_image\" \/>\n<script type=\"application\/ld+json\" class=\"yoast-schema-graph\">{\"@context\":\"https:\/\/schema.org\",\"@graph\":[{\"@type\":\"WebPage\",\"@id\":\"https:\/\/classurances.com\/fr\/assurance-auto\",\"url\":\"https:\/\/classurances.com\/fr\/assurance-auto\",\"name\":\"Assurance auto - CL ASSURANCES\",\"isPartOf\":{\"@id\":\"https:\/\/classurances.com\/fr#website\"},\"datePublished\":\"2022-11-27T06:31:24+00:00\",\"dateModified\":\"2022-11-27T06:31:29+00:00\",\"breadcrumb\":{\"@id\":\"https:\/\/classurances.com\/fr\/assurance-auto#breadcrumb\"},\"inLanguage\":\"fr-FR\",\"potentialAction\":[{\"@type\":\"ReadAction\",\"target\":[\"https:\/\/classurances.com\/fr\/assurance-auto\"]}]},{\"@type\":\"BreadcrumbList\",\"@id\":\"https:\/\/classurances.com\/fr\/assurance-auto#breadcrumb\",\"itemListElement\":[{\"@type\":\"ListItem\",\"position\":1,\"name\":\"Portada\",\"item\":\"https:\/\/classurances.com\/fr\"},{\"@type\":\"ListItem\",\"position\":2,\"name\":\"Assurance auto\"}]},{\"@type\":\"WebSite\",\"@id\":\"https:\/\/classurances.com\/fr#website\",\"url\":\"https:\/\/classurances.com\/fr\",\"name\":\"CL ASSURANCES\",\"description\":\"Correduria de Seguros especializada en el p\u00fablico franc\u00f3fono de la Costa del Sol\",\"potentialAction\":[{\"@type\":\"SearchAction\",\"target\":{\"@type\":\"EntryPoint\",\"urlTemplate\":\"https:\/\/classurances.com\/fr?s={search_term_string}\"},\"query-input\":{\"@type\":\"PropertyValueSpecification\",\"valueRequired\":true,\"valueName\":\"search_term_string\"}}],\"inLanguage\":\"fr-FR\"}]}<\/script>\n<!-- \/ Yoast SEO plugin. -->","yoast_head_json":{"title":"Assurance auto - CL ASSURANCES","robots":{"index":"index","follow":"follow","max-snippet":"max-snippet:-1","max-image-preview":"max-image-preview:large","max-video-preview":"max-video-preview:-1"},"canonical":"https:\/\/classurances.com\/fr\/assurance-auto","og_locale":"fr_FR","og_type":"article","og_title":"Assurance auto - CL ASSURANCES","og_description":"Assurance auto &nbsp;Pourquoi embaucher une ASSURANCE AUTOMOBILE Avoir notre courtage d'assurance vous donnera les avantages suivants:Nous assurons des voitures jusqu'\u00e0 20 ansLe changement d'enregistrement est obligatoire en Espagne. Vous ne pouvez assurer un v\u00e9hicule avec des plaques \u00e9trang\u00e8res que si la plaque est chang\u00e9e par l'interm\u00e9diaire d'une agence professionnelle et certifi\u00e9e, cette assurance aura une [&hellip;]","og_url":"https:\/\/classurances.com\/fr\/assurance-auto","og_site_name":"CL ASSURANCES","article_modified_time":"2022-11-27T06:31:29+00:00","twitter_card":"summary_large_image","schema":{"@context":"https:\/\/schema.org","@graph":[{"@type":"WebPage","@id":"https:\/\/classurances.com\/fr\/assurance-auto","url":"https:\/\/classurances.com\/fr\/assurance-auto","name":"Assurance auto - CL ASSURANCES","isPartOf":{"@id":"https:\/\/classurances.com\/fr#website"},"datePublished":"2022-11-27T06:31:24+00:00","dateModified":"2022-11-27T06:31:29+00:00","breadcrumb":{"@id":"https:\/\/classurances.com\/fr\/assurance-auto#breadcrumb"},"inLanguage":"fr-FR","potentialAction":[{"@type":"ReadAction","target":["https:\/\/classurances.com\/fr\/assurance-auto"]}]},{"@type":"BreadcrumbList","@id":"https:\/\/classurances.com\/fr\/assurance-auto#breadcrumb","itemListElement":[{"@type":"ListItem","position":1,"name":"Portada","item":"https:\/\/classurances.com\/fr"},{"@type":"ListItem","position":2,"name":"Assurance auto"}]},{"@type":"WebSite","@id":"https:\/\/classurances.com\/fr#website","url":"https:\/\/classurances.com\/fr","name":"CL ASSURANCES","description":"Correduria de Seguros especializada en el p\u00fablico franc\u00f3fono de la Costa del Sol","potentialAction":[{"@type":"SearchAction","target":{"@type":"EntryPoint","urlTemplate":"https:\/\/classurances.com\/fr?s={search_term_string}"},"query-input":{"@type":"PropertyValueSpecification","valueRequired":true,"valueName":"search_term_string"}}],"inLanguage":"fr-FR"}]}},"jetpack_sharing_enabled":true,"_links":{"self":[{"href":"https:\/\/classurances.com\/fr\/wp-json\/wp\/v2\/pages\/236","targetHints":{"allow":["GET"]}}],"collection":[{"href":"https:\/\/classurances.com\/fr\/wp-json\/wp\/v2\/pages"}],"about":[{"href":"https:\/\/classurances.com\/fr\/wp-json\/wp\/v2\/types\/page"}],"author":[{"embeddable":true,"href":"https:\/\/classurances.com\/fr\/wp-json\/wp\/v2\/users\/1"}],"replies":[{"embeddable":true,"href":"https:\/\/classurances.com\/fr\/wp-json\/wp\/v2\/comments?post=236"}],"version-history":[{"count":2,"href":"https:\/\/classurances.com\/fr\/wp-json\/wp\/v2\/pages\/236\/revisions"}],"predecessor-version":[{"id":238,"href":"https:\/\/classurances.com\/fr\/wp-json\/wp\/v2\/pages\/236\/revisions\/238"}],"wp:attachment":[{"href":"https:\/\/classurances.com\/fr\/wp-json\/wp\/v2\/media?parent=236"}],"curies":[{"name":"wp","href":"https:\/\/api.w.org\/{rel}","templated":true}]}}